{"id":3469,"date":"2023-03-12T10:53:44","date_gmt":"2023-03-12T10:53:44","guid":{"rendered":"https:\/\/euroreshoring.com\/get-a-quote\/"},"modified":"2023-05-03T06:54:30","modified_gmt":"2023-05-03T06:54:30","slug":"kontaktiere-uns","status":"publish","type":"page","link":"https:\/\/euroreshoring.com\/de\/kontaktiere-uns\/","title":{"rendered":"Kontaktiere uns"},"content":{"rendered":"<p>[et_pb_section fb_built=&#8220;1&#8243; fullwidth=&#8220;on&#8220; _builder_version=&#8220;4.19.0&#8243; _module_preset=&#8220;default&#8220; global_colors_info=&#8220;{}&#8220;][et_pb_fullwidth_image src=&#8220;https:\/\/euroreshoring.com\/wp-content\/uploads\/2023\/03\/Contact-us-1.jpg&#8220; title_text=&#8220;Kontakt&#8220; _builder_version=&#8220;4.19.0&#8243; _module_preset=&#8220;default&#8220; global_colors_info=&#8220;{}&#8220;][\/et_pb_fullwidth_image][\/et_pb_section][et_pb_section fb_built=&#8220;1&#8243; admin_label=&#8220;Mission + Benefits&#8220; _builder_version=&#8220;4.19.0&#8243; _module_preset=&#8220;ed170f1d-c0e6-4363-9564-e1265024c0f0&#8243; collapsed=&#8220;on&#8220; global_colors_info=&#8220;{}&#8220;][et_pb_row _builder_version=&#8220;4.19.0&#8243; _module_preset=&#8220;default&#8220; width=&#8220;50%&#8220; width_tablet=&#8220;100%&#8220; width_phone=&#8220;100%&#8220; width_last_edited=&#8220;on|desktop&#8220; global_colors_info=&#8220;{}&#8220;][et_pb_column type=&#8220;4_4&#8243; _builder_version=&#8220;4.19.0&#8243; _module_preset=&#8220;default&#8220;][et_pb_text _builder_version=&#8220;4.19.0&#8243; _module_preset=&#8220;8737750a-2ddb-42bb-b5a3-9adb2c5a8a33&#8243; text_font=&#8220;PPE-VAR-Singular|700|||||||&#8220; text_font_size=&#8220;30px&#8220; header_text_align=&#8220;center&#8220; text_orientation=&#8220;center&#8220; module_alignment=&#8220;center&#8220; custom_margin=&#8220;10px||10px||false|false&#8220; hover_enabled=&#8220;0&#8243; global_colors_info=&#8220;{}&#8220; sticky_enabled=&#8220;0&#8243;]<\/p>\n<h1><span>Kontakt<\/span><\/h1>\n<p>[\/et_pb_text][et_pb_text _builder_version=&#8220;4.19.0&#8243; _module_preset=&#8220;default&#8220; text_font_size=&#8220;20px&#8220; text_orientation=&#8220;center&#8220; custom_margin=&#8220;||20px||false|false&#8220; global_colors_info=&#8220;{}&#8220;]<\/p>\n<p>Feel free to contact us via the contact form or give us a call. Nehmen Sie gerne Kontakt zu uns \u00fcber das Kontaktformular auf oder rufen Sie uns an. Wir melden uns schnellstm\u00f6glich und beraten Sie gerne pers\u00f6nlich.<\/p>\n<form method=\"post\" action=\"https:\/\/ppe-germany.myshopify.com\/en\/contact#contact_form\" id=\"contact_form\" accept-charset=\"UTF-8\" class=\"Form Form--spacingTight\">\n<div class=\"Form__Group\">\n<div class=\"Form__Item\"><\/div>\n<\/div>\n<\/form>\n<p>[\/et_pb_text][et_pb_contact_form captcha=&#8220;off&#8220; email=&#8220;hello@ppe.ag&#8220; custom_message=&#8220;Name = %%Name%%||et_pb_line_break_holder||<br \/>||et_pb_line_break_holder||Email = %%Email%%||et_pb_line_break_holder||<br \/>||et_pb_line_break_holder||Message = %%Message%%||et_pb_line_break_holder||<br \/>&#8220; success_message=&#8220;\u2713 Thank you for getting in touch!   &#8220; submit_button_text=&#8220;Send&#8220; disabled_on=&#8220;off|off|off&#8220; _builder_version=&#8220;4.19.0&#8243; _module_preset=&#8220;default&#8220; _unique_id=&#8220;2a2cbe8b-0e43-4636-9081-95fad4752582&#8243; form_field_custom_padding=&#8220;|20px||20px|false|false&#8220; title_font_size=&#8220;18px&#8220; captcha_font_size=&#8220;18px&#8220; form_field_font_size=&#8220;18px&#8220; custom_button=&#8220;on&#8220; button_text_size=&#8220;18px&#8220; button_border_width=&#8220;2px&#8220; button_border_radius=&#8220;3px&#8220; button_on_hover=&#8220;off&#8220; button_custom_margin=&#8220;20px||||false|false&#8220; text_orientation=&#8220;left&#8220; width=&#8220;100%&#8220; custom_margin=&#8220;10px||50px||false|false&#8220; custom_padding=&#8220;|20px||20px|false|false&#8220; global_colors_info=&#8220;{}&#8220;][et_pb_contact_field field_id=&#8220;Name&#8220; field_title=&#8220;Name&#8220; _builder_version=&#8220;4.19.0&#8243; global_colors_info=&#8220;{}&#8220; button_text_size__hover_enabled=&#8220;off&#8220; button_one_text_size__hover_enabled=&#8220;off&#8220; button_two_text_size__hover_enabled=&#8220;off&#8220; button_text_color__hover_enabled=&#8220;off&#8220; button_one_text_color__hover_enabled=&#8220;off&#8220; button_two_text_color__hover_enabled=&#8220;off&#8220; button_border_width__hover_enabled=&#8220;off&#8220; button_one_border_width__hover_enabled=&#8220;off&#8220; button_two_border_width__hover_enabled=&#8220;off&#8220; button_border_color__hover_enabled=&#8220;off&#8220; button_one_border_color__hover_enabled=&#8220;off&#8220; button_two_border_color__hover_enabled=&#8220;off&#8220; button_border_radius__hover_enabled=&#8220;off&#8220; button_one_border_radius__hover_enabled=&#8220;off&#8220; button_two_border_radius__hover_enabled=&#8220;off&#8220; button_letter_spacing__hover_enabled=&#8220;off&#8220; button_one_letter_spacing__hover_enabled=&#8220;off&#8220; button_two_letter_spacing__hover_enabled=&#8220;off&#8220; button_bg_color__hover_enabled=&#8220;off&#8220; button_one_bg_color__hover_enabled=&#8220;off&#8220; button_two_bg_color__hover_enabled=&#8220;off&#8220;][\/et_pb_contact_field][et_pb_contact_field field_id=&#8220;Email&#8220; field_title=&#8220;Email Address&#8220; field_type=&#8220;email&#8220; _builder_version=&#8220;4.19.0&#8243; global_colors_info=&#8220;{}&#8220; button_text_size__hover_enabled=&#8220;off&#8220; button_one_text_size__hover_enabled=&#8220;off&#8220; button_two_text_size__hover_enabled=&#8220;off&#8220; button_text_color__hover_enabled=&#8220;off&#8220; button_one_text_color__hover_enabled=&#8220;off&#8220; button_two_text_color__hover_enabled=&#8220;off&#8220; button_border_width__hover_enabled=&#8220;off&#8220; button_one_border_width__hover_enabled=&#8220;off&#8220; button_two_border_width__hover_enabled=&#8220;off&#8220; button_border_color__hover_enabled=&#8220;off&#8220; button_one_border_color__hover_enabled=&#8220;off&#8220; button_two_border_color__hover_enabled=&#8220;off&#8220; button_border_radius__hover_enabled=&#8220;off&#8220; button_one_border_radius__hover_enabled=&#8220;off&#8220; button_two_border_radius__hover_enabled=&#8220;off&#8220; button_letter_spacing__hover_enabled=&#8220;off&#8220; button_one_letter_spacing__hover_enabled=&#8220;off&#8220; button_two_letter_spacing__hover_enabled=&#8220;off&#8220; button_bg_color__hover_enabled=&#8220;off&#8220; button_one_bg_color__hover_enabled=&#8220;off&#8220; button_two_bg_color__hover_enabled=&#8220;off&#8220;][\/et_pb_contact_field][et_pb_contact_field field_id=&#8220;Message&#8220; field_title=&#8220;Message&#8220; field_type=&#8220;text&#8220; fullwidth_field=&#8220;on&#8220; _builder_version=&#8220;4.19.0&#8243; global_colors_info=&#8220;{}&#8220; button_text_size__hover_enabled=&#8220;off&#8220; button_one_text_size__hover_enabled=&#8220;off&#8220; button_two_text_size__hover_enabled=&#8220;off&#8220; button_text_color__hover_enabled=&#8220;off&#8220; button_one_text_color__hover_enabled=&#8220;off&#8220; button_two_text_color__hover_enabled=&#8220;off&#8220; button_border_width__hover_enabled=&#8220;off&#8220; button_one_border_width__hover_enabled=&#8220;off&#8220; button_two_border_width__hover_enabled=&#8220;off&#8220; button_border_color__hover_enabled=&#8220;off&#8220; button_one_border_color__hover_enabled=&#8220;off&#8220; button_two_border_color__hover_enabled=&#8220;off&#8220; button_border_radius__hover_enabled=&#8220;off&#8220; button_one_border_radius__hover_enabled=&#8220;off&#8220; button_two_border_radius__hover_enabled=&#8220;off&#8220; button_letter_spacing__hover_enabled=&#8220;off&#8220; button_one_letter_spacing__hover_enabled=&#8220;off&#8220; button_two_letter_spacing__hover_enabled=&#8220;off&#8220; button_bg_color__hover_enabled=&#8220;off&#8220; button_one_bg_color__hover_enabled=&#8220;off&#8220; button_two_bg_color__hover_enabled=&#8220;off&#8220;][\/et_pb_contact_field][\/et_pb_contact_form][\/et_pb_column][\/et_pb_row][\/et_pb_section][et_pb_section fb_built=&#8220;1&#8243; admin_label=&#8220;Section&#8220; _builder_version=&#8220;4.16&#8243; _module_preset=&#8220;8343f50d-44ab-417e-9757-5fad4a9412b6&#8243; saved_tabs=&#8220;all&#8220; locked=&#8220;off&#8220; collapsed=&#8220;on&#8220; global_colors_info=&#8220;{}&#8220;][et_pb_row admin_label=&#8220;Row&#8220; _builder_version=&#8220;4.16&#8243; _module_preset=&#8220;fcf86748-dc19-4401-866a-57b7da8b693d&#8220; global_colors_info=&#8220;{}&#8220;][et_pb_column type=&#8220;4_4&#8243; _builder_version=&#8220;4.16&#8243; _module_preset=&#8220;default&#8220; global_colors_info=&#8220;{}&#8220;][et_pb_text admin_label=&#8220;Text&#8220; _builder_version=&#8220;4.16&#8243; _module_preset=&#8220;1bd9ebc4-7835-4358-8f13-6e496ffe9136&#8243; global_colors_info=&#8220;{}&#8220;]<\/p>\n<h2>Sie befinden sich hier \u2014 <span><span><a href=\"https:\/\/euroreshoring.com\/\">Home<\/a><\/span><\/span><\/h2>\n<p>[\/et_pb_text][\/et_pb_column][\/et_pb_row][et_pb_row custom_padding_last_edited=&#8220;on|desktop&#8220; admin_label=&#8220;Row&#8220; _builder_version=&#8220;4.19.0&#8243; _dynamic_attributes=&#8220;link_option_url&#8220; _module_preset=&#8220;fcf86748-dc19-4401-866a-57b7da8b693d&#8220; background_color=&#8220;gcid-d2b8a212-6d91-440d-befd-b3d84dd901f3&#8243; custom_padding_tablet=&#8220;&#8220; custom_padding_phone=&#8220;&#8220; link_option_url=&#8220;@ET-DC@eyJkeW5hbWljIjp0cnVlLCJjb250ZW50IjoicG9zdF9saW5rX3VybF9wYWdlIiwic2V0dGluZ3MiOnsicG9zdF9pZCI6IjMwOTUifX0=@&#8220; global_colors_info=&#8220;{%22gcid-d2b8a212-6d91-440d-befd-b3d84dd901f3%22:%91%22background_color%22%93,%22gcid-c4fd960d-fbad-4916-bde1-6f6922f2cef0%22:%91%22background_color__hover%22%93}&#8220; background__hover_enabled=&#8220;on|hover&#8220; background_color__hover=&#8220;#808080&#8243; background_enable_color__hover=&#8220;on&#8220;][et_pb_column type=&#8220;4_4&#8243; _builder_version=&#8220;4.16&#8243; _module_preset=&#8220;7d45ed8e-f5d0-43ae-bfa5-76ac771f116f&#8220; global_colors_info=&#8220;{%22gcid-d2b8a212-6d91-440d-befd-b3d84dd901f3%22:%91%22background_color%22%93}&#8220; custom_css_main_element_last_edited=&#8220;on|phone&#8220;][et_pb_image src=&#8220;https:\/\/euroreshoring.com\/wp-content\/uploads\/2022\/03\/ppe-europe-logo-white-h-120-1.png&#8220; alt=&#8220;PPE europe logo&#8220; title_text=&#8220;PPE europe logo&#8220; admin_label=&#8220;Image&#8220; _builder_version=&#8220;4.16&#8243; _module_preset=&#8220;9414028e-2686-40c6-a5f7-19951a84c1c1&#8243; global_colors_info=&#8220;{}&#8220;][\/et_pb_image][\/et_pb_column][\/et_pb_row][et_pb_row custom_padding_last_edited=&#8220;on|desktop&#8220; admin_label=&#8220;Row&#8220; _builder_version=&#8220;4.19.0&#8243; _dynamic_attributes=&#8220;link_option_url&#8220; _module_preset=&#8220;fcf86748-dc19-4401-866a-57b7da8b693d&#8220; background_color=&#8220;gcid-8df15451-d2e3-4ff3-9648-320d4927ecd2&#8243; custom_padding_tablet=&#8220;&#8220; custom_padding_phone=&#8220;&#8220; link_option_url=&#8220;@ET-DC@eyJkeW5hbWljIjp0cnVlLCJjb250ZW50IjoicG9zdF9saW5rX3VybF9wYWdlIiwic2V0dGluZ3MiOnsicG9zdF9pZCI6IjMxNTMifX0=@&#8220; global_colors_info=&#8220;{%22gcid-8df15451-d2e3-4ff3-9648-320d4927ecd2%22:%91%22background_color%22%93,%22gcid-d1f828b7-bdb9-4484-829f-239835652943%22:%91%22background_color__hover%22%93}&#8220; background__hover_enabled=&#8220;on|hover&#8220; background_color__hover=&#8220;#ffb6a0&#8243; background_enable_color__hover=&#8220;on&#8220;][et_pb_column type=&#8220;4_4&#8243; _builder_version=&#8220;4.16&#8243; _module_preset=&#8220;7d45ed8e-f5d0-43ae-bfa5-76ac771f116f&#8220; global_colors_info=&#8220;{}&#8220; custom_css_main_element_last_edited=&#8220;on|phone&#8220;][et_pb_image src=&#8220;https:\/\/euroreshoring.com\/wp-content\/uploads\/2022\/03\/ppe-mazk-logo-white-h-120-1.png&#8220; alt=&#8220;PPE mazk logo&#8220; title_text=&#8220;PPE mazk logo&#8220; admin_label=&#8220;Image&#8220; _builder_version=&#8220;4.16&#8243; _module_preset=&#8220;9414028e-2686-40c6-a5f7-19951a84c1c1&#8243; global_colors_info=&#8220;{}&#8220;][\/et_pb_image][\/et_pb_column][\/et_pb_row][et_pb_row custom_padding_last_edited=&#8220;on|desktop&#8220; admin_label=&#8220;Row&#8220; _builder_version=&#8220;4.19.0&#8243; _dynamic_attributes=&#8220;link_option_url&#8220; _module_preset=&#8220;fcf86748-dc19-4401-866a-57b7da8b693d&#8220; background_color=&#8220;gcid-9938bb6f-7657-4c27-84b7-af3d61c1192c&#8220; custom_padding_tablet=&#8220;&#8220; custom_padding_phone=&#8220;&#8220; link_option_url=&#8220;@ET-DC@eyJkeW5hbWljIjp0cnVlLCJjb250ZW50IjoicG9zdF9saW5rX3VybF9wYWdlIiwic2V0dGluZ3MiOnsicG9zdF9pZCI6IjMxNjAifX0=@&#8220; global_colors_info=&#8220;{%22gcid-9938bb6f-7657-4c27-84b7-af3d61c1192c%22:%91%22background_color%22%93,%22gcid-a83d8a02-068e-44ef-9f65-d5fbaa7a090d%22:%91%22background_color__hover%22%93}&#8220; background__hover_enabled=&#8220;on|hover&#8220; background_color__hover=&#8220;#91ffb2&#8243; background_enable_color__hover=&#8220;on&#8220;][et_pb_column type=&#8220;4_4&#8243; _builder_version=&#8220;4.16&#8243; _module_preset=&#8220;7d45ed8e-f5d0-43ae-bfa5-76ac771f116f&#8220; global_colors_info=&#8220;{}&#8220; custom_css_main_element_last_edited=&#8220;on|phone&#8220;][et_pb_image src=&#8220;https:\/\/euroreshoring.com\/wp-content\/uploads\/2022\/03\/ppe-dipa-logo-white-h-120-1.png&#8220; alt=&#8220;PPE dipa logo&#8220; title_text=&#8220;PPE dipa logo&#8220; admin_label=&#8220;Image&#8220; _builder_version=&#8220;4.19.0&#8243; _module_preset=&#8220;9414028e-2686-40c6-a5f7-19951a84c1c1&#8243; global_colors_info=&#8220;{}&#8220;][\/et_pb_image][\/et_pb_column][\/et_pb_row][et_pb_row custom_padding_last_edited=&#8220;on|desktop&#8220; admin_label=&#8220;Row&#8220; _builder_version=&#8220;4.19.0&#8243; _dynamic_attributes=&#8220;link_option_url&#8220; _module_preset=&#8220;fcf86748-dc19-4401-866a-57b7da8b693d&#8220; background_color=&#8220;gcid-1e1973a0-ea7e-492d-afbd-a7486997c8ad&#8220; custom_padding_tablet=&#8220;&#8220; custom_padding_phone=&#8220;&#8220; link_option_url=&#8220;@ET-DC@eyJkeW5hbWljIjp0cnVlLCJjb250ZW50IjoicG9zdF9saW5rX3VybF9wYWdlIiwic2V0dGluZ3MiOnsicG9zdF9pZCI6IjMxNjEifX0=@&#8220; global_colors_info=&#8220;{%22gcid-1e1973a0-ea7e-492d-afbd-a7486997c8ad%22:%91%22background_color%22%93,%22gcid-2e557e4e-01d0-427a-84ea-d3349e1f023a%22:%91%22background_color__hover%22%93}&#8220; background__hover_enabled=&#8220;on|hover&#8220; background_color__hover=&#8220;#84b3ff&#8220; background_enable_color__hover=&#8220;on&#8220;][et_pb_column type=&#8220;4_4&#8243; _builder_version=&#8220;4.16&#8243; _module_preset=&#8220;7d45ed8e-f5d0-43ae-bfa5-76ac771f116f&#8220; global_colors_info=&#8220;{}&#8220; custom_css_main_element_last_edited=&#8220;on|phone&#8220;][et_pb_image src=&#8220;https:\/\/euroreshoring.com\/wp-content\/uploads\/2022\/03\/ppe-gluv-logo-white-h-120-1.png&#8220; alt=&#8220;PPE gluv logo&#8220; title_text=&#8220;PPE gluv logo&#8220; admin_label=&#8220;Image&#8220; _builder_version=&#8220;4.16&#8243; _module_preset=&#8220;9414028e-2686-40c6-a5f7-19951a84c1c1&#8243; global_colors_info=&#8220;{}&#8220;][\/et_pb_image][\/et_pb_column][\/et_pb_row][et_pb_row custom_padding_last_edited=&#8220;on|desktop&#8220; admin_label=&#8220;Row&#8220; _builder_version=&#8220;4.19.0&#8243; _dynamic_attributes=&#8220;link_option_url&#8220; _module_preset=&#8220;fcf86748-dc19-4401-866a-57b7da8b693d&#8220; background_color=&#8220;gcid-2f4ba793-e1b2-4b1c-9e70-0df39243b633&#8243; custom_padding_tablet=&#8220;&#8220; custom_padding_phone=&#8220;&#8220; link_option_url=&#8220;@ET-DC@eyJkeW5hbWljIjp0cnVlLCJjb250ZW50IjoicG9zdF9saW5rX3VybF9wYWdlIiwic2V0dGluZ3MiOnsicG9zdF9pZCI6IjMxNTkifX0=@&#8220; global_colors_info=&#8220;{%22gcid-2f4ba793-e1b2-4b1c-9e70-0df39243b633%22:%91%22background_color%22%93,%22gcid-31208945-47ab-4f47-a054-5ec157816ae8%22:%91%22background_color__hover%22%93}&#8220; background__hover_enabled=&#8220;on|hover&#8220; background_color__hover=&#8220;#ce9eff&#8220; background_enable_color__hover=&#8220;on&#8220;][et_pb_column type=&#8220;4_4&#8243; _builder_version=&#8220;4.16&#8243; _module_preset=&#8220;7d45ed8e-f5d0-43ae-bfa5-76ac771f116f&#8220; global_colors_info=&#8220;{}&#8220; custom_css_main_element_last_edited=&#8220;on|phone&#8220;][et_pb_image src=&#8220;https:\/\/euroreshoring.com\/wp-content\/uploads\/2022\/03\/ppe-nowo-logo-white-h-120-1.png&#8220; alt=&#8220;PPE nowo logo&#8220; title_text=&#8220;PPE nowo logo&#8220; admin_label=&#8220;Image&#8220; _builder_version=&#8220;4.16&#8243; _module_preset=&#8220;9414028e-2686-40c6-a5f7-19951a84c1c1&#8243; global_colors_info=&#8220;{}&#8220;][\/et_pb_image][\/et_pb_column][\/et_pb_row][et_pb_row custom_padding_last_edited=&#8220;on|desktop&#8220; admin_label=&#8220;Row&#8220; _builder_version=&#8220;4.19.0&#8243; _dynamic_attributes=&#8220;link_option_url&#8220; _module_preset=&#8220;fcf86748-dc19-4401-866a-57b7da8b693d&#8220; background_color=&#8220;gcid-2fc4cb52-1c97-4201-99ea-c0ebb6af4d4f&#8220; custom_padding_tablet=&#8220;&#8220; custom_padding_phone=&#8220;&#8220; link_option_url=&#8220;@ET-DC@eyJkeW5hbWljIjp0cnVlLCJjb250ZW50IjoicG9zdF9saW5rX3VybF9wYWdlIiwic2V0dGluZ3MiOnsicG9zdF9pZCI6IjMwODgifX0=@&#8220; global_colors_info=&#8220;{%22gcid-2fc4cb52-1c97-4201-99ea-c0ebb6af4d4f%22:%91%22background_color%22%93,%22gcid-2a564af5-374c-4f06-a7df-48c244a48c13%22:%91%22background_color__hover%22%93}&#8220; background__hover_enabled=&#8220;on|hover&#8220; background_color__hover=&#8220;#ffafdf&#8220; background_enable_color__hover=&#8220;on&#8220;][et_pb_column type=&#8220;4_4&#8243; _builder_version=&#8220;4.16&#8243; _module_preset=&#8220;7d45ed8e-f5d0-43ae-bfa5-76ac771f116f&#8220; global_colors_info=&#8220;{}&#8220; custom_css_main_element_last_edited=&#8220;on|phone&#8220;][et_pb_image src=&#8220;https:\/\/euroreshoring.com\/wp-content\/uploads\/2022\/03\/ppe-code-logo-white-h-120-1.png&#8220; alt=&#8220;PPE code logo&#8220; title_text=&#8220;PPE code logo&#8220; admin_label=&#8220;Image&#8220; _builder_version=&#8220;4.16&#8243; _module_preset=&#8220;9414028e-2686-40c6-a5f7-19951a84c1c1&#8243; global_colors_info=&#8220;{}&#8220;][\/et_pb_image][\/et_pb_column][\/et_pb_row][\/et_pb_section]<\/p>\n","protected":false},"excerpt":{"rendered":"<p>KontaktFeel free to contact us via the contact form or give us a call. Nehmen Sie gerne Kontakt zu uns \u00fcber das Kontaktformular auf oder rufen Sie uns an. Wir melden uns schnellstm\u00f6glich und beraten Sie gerne pers\u00f6nlich. Sie befinden sich hier \u2014 <span><span><a href=\"https:\/\/euroreshoring.com\/\">Home<\/a><\/span><\/span><\/p>\n","protected":false},"author":7,"featured_media":0,"parent":0,"menu_order":0,"comment_status":"closed","ping_status":"closed","template":"","meta":{"_et_pb_use_builder":"on","_et_pb_old_content":"","_et_gb_content_width":"","_coblocks_attr":"","_coblocks_dimensions":"","_coblocks_responsive_height":"","_coblocks_accordion_ie_support":"","footnotes":""},"class_list":["post-3469","page","type-page","status-publish","hentry"],"yoast_head":"<!-- This site is optimized with the Yoast SEO plugin v23.3 - https:\/\/yoast.com\/wordpress\/plugins\/seo\/ -->\n<title>Kontaktiere uns | ERI European Reshoring Innovation<\/title>\n<meta name=\"description\" content=\"Please feel free to phone us or use the contact form to get in touch with us. Please get in touch with us by using the contact form or by giving us a call.\" \/>\n<meta name=\"robots\" content=\"index, follow, max-snippet:-1, max-image-preview:large, max-video-preview:-1\" \/>\n<link rel=\"canonical\" href=\"https:\/\/euroreshoring.com\/de\/kontaktiere-uns\/\" \/>\n<meta property=\"og:locale\" content=\"de_DE\" \/>\n<meta property=\"og:type\" content=\"article\" \/>\n<meta property=\"og:title\" content=\"Kontaktiere uns | ERI European Reshoring Innovation\" \/>\n<meta property=\"og:description\" content=\"Please feel free to phone us or use the contact form to get in touch with us. Please get in touch with us by using the contact form or by giving us a call.\" \/>\n<meta property=\"og:url\" content=\"https:\/\/euroreshoring.com\/de\/kontaktiere-uns\/\" \/>\n<meta property=\"og:site_name\" content=\"ERI European Reshoring Innovation\" \/>\n<meta property=\"article:modified_time\" content=\"2023-05-03T06:54:30+00:00\" \/>\n<meta property=\"og:image\" content=\"https:\/\/euroreshoring.com\/wp-content\/uploads\/2022\/03\/cropped-favicon-1-1.png\" \/>\n\t<meta property=\"og:image:width\" content=\"512\" \/>\n\t<meta property=\"og:image:height\" content=\"512\" \/>\n\t<meta property=\"og:image:type\" content=\"image\/png\" \/>\n<meta name=\"twitter:card\" content=\"summary_large_image\" \/>\n<meta name=\"twitter:label1\" content=\"Gesch\u00e4tzte Lesezeit\" \/>\n\t<meta name=\"twitter:data1\" content=\"2\u00a0Minuten\" \/>\n<script type=\"application\/ld+json\" class=\"yoast-schema-graph\">{\"@context\":\"https:\/\/schema.org\",\"@graph\":[{\"@type\":\"WebPage\",\"@id\":\"https:\/\/euroreshoring.com\/de\/kontaktiere-uns\/\",\"url\":\"https:\/\/euroreshoring.com\/de\/kontaktiere-uns\/\",\"name\":\"Kontaktiere uns | ERI European Reshoring Innovation\",\"isPartOf\":{\"@id\":\"https:\/\/euroreshoring.com\/#website\"},\"datePublished\":\"2023-03-12T10:53:44+00:00\",\"dateModified\":\"2023-05-03T06:54:30+00:00\",\"description\":\"Please feel free to phone us or use the contact form to get in touch with us. Please get in touch with us by using the contact form or by giving us a call.\",\"breadcrumb\":{\"@id\":\"https:\/\/euroreshoring.com\/de\/kontaktiere-uns\/#breadcrumb\"},\"inLanguage\":\"de\",\"potentialAction\":[{\"@type\":\"ReadAction\",\"target\":[\"https:\/\/euroreshoring.com\/de\/kontaktiere-uns\/\"]}]},{\"@type\":\"BreadcrumbList\",\"@id\":\"https:\/\/euroreshoring.com\/de\/kontaktiere-uns\/#breadcrumb\",\"itemListElement\":[{\"@type\":\"ListItem\",\"position\":1,\"name\":\"Home\",\"item\":\"https:\/\/euroreshoring.com\/\"},{\"@type\":\"ListItem\",\"position\":2,\"name\":\"Kontaktiere uns\"}]},{\"@type\":\"WebSite\",\"@id\":\"https:\/\/euroreshoring.com\/#website\",\"url\":\"https:\/\/euroreshoring.com\/\",\"name\":\"ERI European Reshoring Innovation\",\"description\":\"Personal protective equipment made in europe\",\"alternateName\":\"PPE Europe\",\"potentialAction\":[{\"@type\":\"SearchAction\",\"target\":{\"@type\":\"EntryPoint\",\"urlTemplate\":\"https:\/\/euroreshoring.com\/?s={search_term_string}\"},\"query-input\":\"required name=search_term_string\"}],\"inLanguage\":\"de\"}]}<\/script>\n<!-- \/ Yoast SEO plugin. -->","yoast_head_json":{"title":"Kontaktiere uns | ERI European Reshoring Innovation","description":"Please feel free to phone us or use the contact form to get in touch with us. Please get in touch with us by using the contact form or by giving us a call.","robots":{"index":"index","follow":"follow","max-snippet":"max-snippet:-1","max-image-preview":"max-image-preview:large","max-video-preview":"max-video-preview:-1"},"canonical":"https:\/\/euroreshoring.com\/de\/kontaktiere-uns\/","og_locale":"de_DE","og_type":"article","og_title":"Kontaktiere uns | ERI European Reshoring Innovation","og_description":"Please feel free to phone us or use the contact form to get in touch with us. Please get in touch with us by using the contact form or by giving us a call.","og_url":"https:\/\/euroreshoring.com\/de\/kontaktiere-uns\/","og_site_name":"ERI European Reshoring Innovation","article_modified_time":"2023-05-03T06:54:30+00:00","og_image":[{"width":512,"height":512,"url":"https:\/\/euroreshoring.com\/wp-content\/uploads\/2022\/03\/cropped-favicon-1-1.png","type":"image\/png"}],"twitter_card":"summary_large_image","twitter_misc":{"Gesch\u00e4tzte Lesezeit":"2\u00a0Minuten"},"schema":{"@context":"https:\/\/schema.org","@graph":[{"@type":"WebPage","@id":"https:\/\/euroreshoring.com\/de\/kontaktiere-uns\/","url":"https:\/\/euroreshoring.com\/de\/kontaktiere-uns\/","name":"Kontaktiere uns | ERI European Reshoring Innovation","isPartOf":{"@id":"https:\/\/euroreshoring.com\/#website"},"datePublished":"2023-03-12T10:53:44+00:00","dateModified":"2023-05-03T06:54:30+00:00","description":"Please feel free to phone us or use the contact form to get in touch with us. Please get in touch with us by using the contact form or by giving us a call.","breadcrumb":{"@id":"https:\/\/euroreshoring.com\/de\/kontaktiere-uns\/#breadcrumb"},"inLanguage":"de","potentialAction":[{"@type":"ReadAction","target":["https:\/\/euroreshoring.com\/de\/kontaktiere-uns\/"]}]},{"@type":"BreadcrumbList","@id":"https:\/\/euroreshoring.com\/de\/kontaktiere-uns\/#breadcrumb","itemListElement":[{"@type":"ListItem","position":1,"name":"Home","item":"https:\/\/euroreshoring.com\/"},{"@type":"ListItem","position":2,"name":"Kontaktiere uns"}]},{"@type":"WebSite","@id":"https:\/\/euroreshoring.com\/#website","url":"https:\/\/euroreshoring.com\/","name":"ERI European Reshoring Innovation","description":"Personal protective equipment made in europe","alternateName":"PPE Europe","potentialAction":[{"@type":"SearchAction","target":{"@type":"EntryPoint","urlTemplate":"https:\/\/euroreshoring.com\/?s={search_term_string}"},"query-input":"required name=search_term_string"}],"inLanguage":"de"}]}},"_links":{"self":[{"href":"https:\/\/euroreshoring.com\/de\/wp-json\/wp\/v2\/pages\/3469","targetHints":{"allow":["GET"]}}],"collection":[{"href":"https:\/\/euroreshoring.com\/de\/wp-json\/wp\/v2\/pages"}],"about":[{"href":"https:\/\/euroreshoring.com\/de\/wp-json\/wp\/v2\/types\/page"}],"author":[{"embeddable":true,"href":"https:\/\/euroreshoring.com\/de\/wp-json\/wp\/v2\/users\/7"}],"replies":[{"embeddable":true,"href":"https:\/\/euroreshoring.com\/de\/wp-json\/wp\/v2\/comments?post=3469"}],"version-history":[{"count":17,"href":"https:\/\/euroreshoring.com\/de\/wp-json\/wp\/v2\/pages\/3469\/revisions"}],"predecessor-version":[{"id":3924,"href":"https:\/\/euroreshoring.com\/de\/wp-json\/wp\/v2\/pages\/3469\/revisions\/3924"}],"wp:attachment":[{"href":"https:\/\/euroreshoring.com\/de\/wp-json\/wp\/v2\/media?parent=3469"}],"curies":[{"name":"wp","href":"https:\/\/api.w.org\/{rel}","templated":true}]}}